{"id":2983,"date":"2026-01-27T23:15:19","date_gmt":"2026-01-27T23:15:19","guid":{"rendered":"https:\/\/boett.com\/?post_type=product&#038;p=2983"},"modified":"2026-04-29T22:15:34","modified_gmt":"2026-04-29T22:15:34","slug":"tacke-storlek-4-isbla-utan-maglapp","status":"publish","type":"product","link":"https:\/\/boett.com\/en\/p\/tacke-storlek-4-isbla-utan-maglapp\/","title":{"rendered":"T\u00e4cke storlek 4+ isbl\u00e5 utan maglapp"},"content":{"rendered":"<p>T\u00e4cke storlek 4+ isbl\u00e5. Ingen maglapp medf\u00f6ljer<\/p>\n","protected":false},"excerpt":{"rendered":"T\u00e4cke storlek 4+ isbl\u00e5. Ingen maglapp medf\u00f6ljer","protected":false},"featured_media":2988,"comment_status":"open","ping_status":"closed","template":"","meta":{"_acf_changed":false,"rank_math_lock_modified_date":false,"inline_featured_image":false},"product_cat":[22,20],"product_tag":[],"class_list":{"0":"post-2983","1":"product","2":"type-product","3":"status-publish","4":"has-post-thumbnail","6":"product_cat-fynd","7":"product_cat-eksemtacke","9":"first","10":"outofstock","11":"taxable","12":"shipping-taxable","13":"purchasable","14":"product-type-simple"},"acf":[],"_links":{"self":[{"href":"https:\/\/boett.com\/en\/wp-json\/wp\/v2\/product\/2983","targetHints":{"allow":["GET"]}}],"collection":[{"href":"https:\/\/boett.com\/en\/wp-json\/wp\/v2\/product"}],"about":[{"href":"https:\/\/boett.com\/en\/wp-json\/wp\/v2\/types\/product"}],"replies":[{"embeddable":true,"href":"https:\/\/boett.com\/en\/wp-json\/wp\/v2\/comments?post=2983"}],"wp:featuredmedia":[{"embeddable":true,"href":"https:\/\/boett.com\/en\/wp-json\/wp\/v2\/media\/2988"}],"wp:attachment":[{"href":"https:\/\/boett.com\/en\/wp-json\/wp\/v2\/media?parent=2983"}],"wp:term":[{"taxonomy":"product_cat","embeddable":true,"href":"https:\/\/boett.com\/en\/wp-json\/wp\/v2\/product_cat?post=2983"},{"taxonomy":"product_tag","embeddable":true,"href":"https:\/\/boett.com\/en\/wp-json\/wp\/v2\/product_tag?post=2983"}],"curies":[{"name":"wp","href":"https:\/\/api.w.org\/{rel}","templated":true}]}}