{"id":2941,"date":"2025-12-16T21:07:37","date_gmt":"2025-12-16T21:07:37","guid":{"rendered":"https:\/\/boett.com\/?post_type=product&#038;p=2941"},"modified":"2026-05-10T22:43:02","modified_gmt":"2026-05-10T22:43:02","slug":"hekla-fleece-tacke","status":"publish","type":"product","link":"https:\/\/boett.com\/en\/p\/hekla-fleece-tacke\/","title":{"rendered":"Hekla Fleece-t\u00e4cke"},"content":{"rendered":"<p><strong>Hekla Fleecet\u00e4cke<\/strong><\/p>\n<p>Hekla Fleecet\u00e4cke \u00e4r ett mjukt och funktionellt fleecet\u00e4cke med hel hals, designat f\u00f6r att ge h\u00e4sten optimal komfort efter tr\u00e4ning, transport eller tv\u00e4tt. T\u00e4cket \u00e4r tillverkat i mjuk och f\u00f6ljsam fleece av h\u00f6g kvalitet som hj\u00e4lper till att transportera bort fukt samtidigt som det h\u00e5ller h\u00e4sten varm och torr.<\/p>\n<p>Den h\u00f6ga, integrerade halsen ger extra skydd och v\u00e4rme, medan svanslappen bidrar till \u00f6kad t\u00e4ckning bak. Benbanden hj\u00e4lper t\u00e4cket att ligga stabilt p\u00e5 plats \u00e4ven n\u00e4r h\u00e4sten r\u00f6r sig.<\/p>\n<p>Den m\u00f6rkbl\u00e5 fleecen tillsammans med rosa detaljer ger t\u00e4cket ett stilrent och elegant uttryck med en fin kontrast.<\/p>\n<p><strong>Detaljer:<\/strong><br \/>\n\u2022 Hel hals f\u00f6r extra v\u00e4rme och skydd<br \/>\n\u2022 Svanslapp f\u00f6r \u00f6kad t\u00e4ckning<br \/>\n\u2022 Benband f\u00f6r stabil passform<br \/>\n\u2022 Mjuk och fukt-transporterande fleece<br \/>\n\u2022 M\u00f6rkbl\u00e5 med rosa detaljer<\/p>\n<p>Storlek<\/p>\n<p>3 &#8211; 125<\/p>\n<p>4 &#8211; 135<\/p>\n","protected":false},"excerpt":{"rendered":"&nbsp;\r\n\r\nHekla Fleecet\u00e4cke \u00e4r ett mjukt och funktionellt fleecet\u00e4cke med hel hals, designat f\u00f6r att ge h\u00e4sten optimal komfort efter tr\u00e4ning, transport eller tv\u00e4tt. T\u00e4cket \u00e4r tillverkat i mjuk och f\u00f6ljsam fleece av h\u00f6g kvalitet som hj\u00e4lper till att transportera bort fukt samtidigt som det h\u00e5ller h\u00e4sten varm och torr.\r\n\r\nDen h\u00f6ga, integrerade halsen ger extra skydd och v\u00e4rme, medan svanslappen bidrar till \u00f6kad t\u00e4ckning bak. Benbanden hj\u00e4lper t\u00e4cket att ligga stabilt p\u00e5 plats \u00e4ven n\u00e4r h\u00e4sten r\u00f6r sig.","protected":false},"featured_media":3024,"comment_status":"open","ping_status":"closed","template":"","meta":{"_acf_changed":false,"rank_math_lock_modified_date":false,"inline_featured_image":false},"product_cat":[19],"product_tag":[],"class_list":{"0":"post-2941","1":"product","2":"type-product","3":"status-publish","4":"has-post-thumbnail","6":"product_cat-icelandic-collection","8":"first","9":"outofstock","10":"taxable","11":"shipping-taxable","12":"purchasable","13":"product-type-variable"},"acf":[],"_links":{"self":[{"href":"https:\/\/boett.com\/en\/wp-json\/wp\/v2\/product\/2941","targetHints":{"allow":["GET"]}}],"collection":[{"href":"https:\/\/boett.com\/en\/wp-json\/wp\/v2\/product"}],"about":[{"href":"https:\/\/boett.com\/en\/wp-json\/wp\/v2\/types\/product"}],"replies":[{"embeddable":true,"href":"https:\/\/boett.com\/en\/wp-json\/wp\/v2\/comments?post=2941"}],"wp:featuredmedia":[{"embeddable":true,"href":"https:\/\/boett.com\/en\/wp-json\/wp\/v2\/media\/3024"}],"wp:attachment":[{"href":"https:\/\/boett.com\/en\/wp-json\/wp\/v2\/media?parent=2941"}],"wp:term":[{"taxonomy":"product_cat","embeddable":true,"href":"https:\/\/boett.com\/en\/wp-json\/wp\/v2\/product_cat?post=2941"},{"taxonomy":"product_tag","embeddable":true,"href":"https:\/\/boett.com\/en\/wp-json\/wp\/v2\/product_tag?post=2941"}],"curies":[{"name":"wp","href":"https:\/\/api.w.org\/{rel}","templated":true}]}}