{"id":2805,"date":"2025-11-12T23:07:08","date_gmt":"2025-11-12T23:07:08","guid":{"rendered":"https:\/\/boett.com\/?post_type=product&#038;p=2805"},"modified":"2026-04-28T22:34:39","modified_gmt":"2026-04-28T22:34:39","slug":"benreflex-hast","status":"publish","type":"product","link":"https:\/\/boett.com\/en\/p\/benreflex-hast\/","title":{"rendered":"Benreflex H\u00e4st"},"content":{"rendered":"<p>Benreflexer f\u00f6r h\u00e4st, mjukt teddy foder, gul fluorescerande reflex. Kn\u00e4pps med stark kardborre samt sp\u00e4nne.<\/p>\n<p><strong>Storlek 3<\/strong> m\u00e4ter 25 cm total l\u00e4ngd = 20 cm fullt kn\u00e4ppt<\/p>\n<p><strong>Storlek 4 <\/strong>m\u00e4ter 27,5 cm total l\u00e4ngd = 22,5 cm fullt kn\u00e4ppt<\/p>\n<p>&nbsp;<\/p>\n<p>S\u00e4ljs i par (2 st)<\/p>\n","protected":false},"excerpt":{"rendered":"Benreflexer f\u00f6r h\u00e4st, mjukt teddy foder, gul fluorescerande reflex. Kn\u00e4pps med stark kardborre samt sp\u00e4nne. Storlek 3 m\u00e4ter 25 cm total l\u00e4ngd = 20 cm fullt kn\u00e4ppt Storlek 4 m\u00e4ter 27,5 cm total l\u00e4ngd = 22,5 cm fullt kn\u00e4ppt &nbsp; S\u00e4ljs i par (2 st)","protected":false},"featured_media":2811,"comment_status":"open","ping_status":"closed","template":"","meta":{"_acf_changed":false,"rank_math_lock_modified_date":false,"inline_featured_image":false},"product_cat":[19,21],"product_tag":[],"class_list":{"0":"post-2805","1":"product","2":"type-product","3":"status-publish","4":"has-post-thumbnail","6":"product_cat-icelandic-collection","7":"product_cat-reflexer","9":"first","10":"outofstock","11":"taxable","12":"shipping-taxable","13":"purchasable","14":"product-type-variable"},"acf":[],"_links":{"self":[{"href":"https:\/\/boett.com\/en\/wp-json\/wp\/v2\/product\/2805","targetHints":{"allow":["GET"]}}],"collection":[{"href":"https:\/\/boett.com\/en\/wp-json\/wp\/v2\/product"}],"about":[{"href":"https:\/\/boett.com\/en\/wp-json\/wp\/v2\/types\/product"}],"replies":[{"embeddable":true,"href":"https:\/\/boett.com\/en\/wp-json\/wp\/v2\/comments?post=2805"}],"wp:featuredmedia":[{"embeddable":true,"href":"https:\/\/boett.com\/en\/wp-json\/wp\/v2\/media\/2811"}],"wp:attachment":[{"href":"https:\/\/boett.com\/en\/wp-json\/wp\/v2\/media?parent=2805"}],"wp:term":[{"taxonomy":"product_cat","embeddable":true,"href":"https:\/\/boett.com\/en\/wp-json\/wp\/v2\/product_cat?post=2805"},{"taxonomy":"product_tag","embeddable":true,"href":"https:\/\/boett.com\/en\/wp-json\/wp\/v2\/product_tag?post=2805"}],"curies":[{"name":"wp","href":"https:\/\/api.w.org\/{rel}","templated":true}]}}