{"id":2137,"date":"2024-10-03T13:49:48","date_gmt":"2024-10-03T13:49:48","guid":{"rendered":"https:\/\/boett.com\/?post_type=product&#038;p=2137"},"modified":"2026-04-29T22:37:18","modified_gmt":"2026-04-29T22:37:18","slug":"eftersok-sparsele-med-reflex-for-liten-hund-3-pack-utgaende-modell","status":"publish","type":"product","link":"https:\/\/boett.com\/en\/p\/eftersok-sparsele-med-reflex-for-liten-hund-3-pack-utgaende-modell\/","title":{"rendered":"Efters\u00f6k &#8211; Sp\u00e5rsele med reflex f\u00f6r liten hund 3-pack (utg\u00e5ende modell)"},"content":{"rendered":"<p>Sp\u00e5rsele med reflex, stark nylon &#8211; handtag med koppelring.<\/p>\n<p>3 cm bred, svart nylon med gul reflex.<\/p>\n<p>Endast storlek 4 finns kvar, passar en tax, jack russel etc.<\/p>\n","protected":false},"excerpt":{"rendered":"Sp\u00e5rsele med reflex, stark nylon &#8211; handtag med koppelring.\r\n\r\n3 cm bred, svart nylon med gul reflex.","protected":false},"featured_media":90,"comment_status":"open","ping_status":"closed","template":"","meta":{"_acf_changed":false,"rank_math_lock_modified_date":false,"inline_featured_image":false},"product_cat":[22,21],"product_tag":[],"class_list":{"0":"post-2137","1":"product","2":"type-product","3":"status-publish","4":"has-post-thumbnail","6":"product_cat-fynd","7":"product_cat-reflexer","9":"first","10":"outofstock","11":"taxable","12":"shipping-taxable","13":"purchasable","14":"product-type-variable"},"acf":[],"_links":{"self":[{"href":"https:\/\/boett.com\/en\/wp-json\/wp\/v2\/product\/2137","targetHints":{"allow":["GET"]}}],"collection":[{"href":"https:\/\/boett.com\/en\/wp-json\/wp\/v2\/product"}],"about":[{"href":"https:\/\/boett.com\/en\/wp-json\/wp\/v2\/types\/product"}],"replies":[{"embeddable":true,"href":"https:\/\/boett.com\/en\/wp-json\/wp\/v2\/comments?post=2137"}],"wp:featuredmedia":[{"embeddable":true,"href":"https:\/\/boett.com\/en\/wp-json\/wp\/v2\/media\/90"}],"wp:attachment":[{"href":"https:\/\/boett.com\/en\/wp-json\/wp\/v2\/media?parent=2137"}],"wp:term":[{"taxonomy":"product_cat","embeddable":true,"href":"https:\/\/boett.com\/en\/wp-json\/wp\/v2\/product_cat?post=2137"},{"taxonomy":"product_tag","embeddable":true,"href":"https:\/\/boett.com\/en\/wp-json\/wp\/v2\/product_tag?post=2137"}],"curies":[{"name":"wp","href":"https:\/\/api.w.org\/{rel}","templated":true}]}}