{"id":2068,"date":"2024-09-17T15:16:35","date_gmt":"2024-09-17T15:16:35","guid":{"rendered":"https:\/\/boett.com\/?post_type=product&#038;p=2068"},"modified":"2026-04-29T22:36:09","modified_gmt":"2026-04-29T22:36:09","slug":"reflexvast-for-langharig-hund-3-pack","status":"publish","type":"product","link":"https:\/\/boett.com\/en\/p\/reflexvast-for-langharig-hund-3-pack\/","title":{"rendered":"Reflexv\u00e4st f\u00f6r l\u00e5ngh\u00e5rig hund 3-pack"},"content":{"rendered":"<p>V\u00e4st f\u00f6r hund med l\u00e5ng \/ tjock p\u00e4ls. Gul reflex p\u00e5 neongult n\u00e4t-tyg.<\/p>\n<p>L\u00e4tt och smidig f\u00f6r hunden att b\u00e4ra, kan tv\u00e4ttas i maskin 40C<\/p>\n<p>F\u00d6RPACKNING OM 3ST<\/p>\n<p>Storlek 0-8<\/p>\n<p>Ras exempel:<\/p>\n<ol>\n<li>0.\u00a0Maltese<\/li>\n<li>Shetland Sheepdog<\/li>\n<li>\u00a0Cocker Spaniel<\/li>\n<li>Isl\u00e4ndsk F\u00e5rhund \/ Tollare<\/li>\n<li>Border Collie<\/li>\n<li>Collie<\/li>\n<li>Sch\u00e4fer<\/li>\n<li>New Founland<\/li>\n<li>St Bernard<\/li>\n<\/ol>\n","protected":false},"excerpt":{"rendered":"V\u00e4st f\u00f6r hund med l\u00e5ng \/ tjock p\u00e4ls. Gul reflex p\u00e5 neongult n\u00e4t-tyg.\r\n\r\nL\u00e4tt och smidig f\u00f6r hunden att b\u00e4ra, kan tv\u00e4ttas i maskin 40C\r\n\r\nFinns i 9 storlekar","protected":false},"featured_media":110,"comment_status":"open","ping_status":"closed","template":"","meta":{"_acf_changed":false,"rank_math_lock_modified_date":false,"inline_featured_image":false},"product_cat":[21],"product_tag":[],"class_list":{"0":"post-2068","1":"product","2":"type-product","3":"status-publish","4":"has-post-thumbnail","6":"product_cat-reflexer","8":"first","9":"outofstock","10":"taxable","11":"shipping-taxable","12":"purchasable","13":"product-type-variable"},"acf":[],"_links":{"self":[{"href":"https:\/\/boett.com\/en\/wp-json\/wp\/v2\/product\/2068","targetHints":{"allow":["GET"]}}],"collection":[{"href":"https:\/\/boett.com\/en\/wp-json\/wp\/v2\/product"}],"about":[{"href":"https:\/\/boett.com\/en\/wp-json\/wp\/v2\/types\/product"}],"replies":[{"embeddable":true,"href":"https:\/\/boett.com\/en\/wp-json\/wp\/v2\/comments?post=2068"}],"wp:featuredmedia":[{"embeddable":true,"href":"https:\/\/boett.com\/en\/wp-json\/wp\/v2\/media\/110"}],"wp:attachment":[{"href":"https:\/\/boett.com\/en\/wp-json\/wp\/v2\/media?parent=2068"}],"wp:term":[{"taxonomy":"product_cat","embeddable":true,"href":"https:\/\/boett.com\/en\/wp-json\/wp\/v2\/product_cat?post=2068"},{"taxonomy":"product_tag","embeddable":true,"href":"https:\/\/boett.com\/en\/wp-json\/wp\/v2\/product_tag?post=2068"}],"curies":[{"name":"wp","href":"https:\/\/api.w.org\/{rel}","templated":true}]}}