{"id":2033,"date":"2024-08-15T11:18:17","date_gmt":"2024-08-15T11:18:17","guid":{"rendered":"https:\/\/boett.com\/?post_type=product&#038;p=2033"},"modified":"2026-04-18T22:38:12","modified_gmt":"2026-04-18T22:38:12","slug":"eftersok-sparsele-med-reflex-3","status":"publish","type":"product","link":"https:\/\/boett.com\/en\/p\/eftersok-sparsele-med-reflex-3\/","title":{"rendered":"Efters\u00f6k &#8211; Sp\u00e5rsele med reflex 3-pack"},"content":{"rendered":"<p>Sp\u00e5rsele med reflex, stark nylon &#8211; handtag med koppelring.<\/p>\n<p>Enkel att ta p\u00e5 och av, kn\u00e4pps runt bringan med ett stadigt plastsp\u00e4nne.<\/p>\n<p>St\u00e4llbar runtom kroppen, bakom frambenen, men inte runt halsen.<\/p>\n<p>4 cm bred, svart nylon med gul flouriserande reflex.<\/p>\n","protected":false},"excerpt":{"rendered":"Sp\u00e5rsele med reflex, stark nylon &#8211; handtag med koppelring.","protected":false},"featured_media":102,"comment_status":"open","ping_status":"closed","template":"","meta":{"_acf_changed":false,"rank_math_lock_modified_date":false,"inline_featured_image":false},"product_cat":[17,21],"product_tag":[],"class_list":{"0":"post-2033","1":"product","2":"type-product","3":"status-publish","4":"has-post-thumbnail","6":"product_cat-jakt","7":"product_cat-reflexer","9":"first","10":"outofstock","11":"taxable","12":"shipping-taxable","13":"purchasable","14":"product-type-variable"},"acf":[],"_links":{"self":[{"href":"https:\/\/boett.com\/en\/wp-json\/wp\/v2\/product\/2033","targetHints":{"allow":["GET"]}}],"collection":[{"href":"https:\/\/boett.com\/en\/wp-json\/wp\/v2\/product"}],"about":[{"href":"https:\/\/boett.com\/en\/wp-json\/wp\/v2\/types\/product"}],"replies":[{"embeddable":true,"href":"https:\/\/boett.com\/en\/wp-json\/wp\/v2\/comments?post=2033"}],"wp:featuredmedia":[{"embeddable":true,"href":"https:\/\/boett.com\/en\/wp-json\/wp\/v2\/media\/102"}],"wp:attachment":[{"href":"https:\/\/boett.com\/en\/wp-json\/wp\/v2\/media?parent=2033"}],"wp:term":[{"taxonomy":"product_cat","embeddable":true,"href":"https:\/\/boett.com\/en\/wp-json\/wp\/v2\/product_cat?post=2033"},{"taxonomy":"product_tag","embeddable":true,"href":"https:\/\/boett.com\/en\/wp-json\/wp\/v2\/product_tag?post=2033"}],"curies":[{"name":"wp","href":"https:\/\/api.w.org\/{rel}","templated":true}]}}